{"id":503,"date":"2013-06-13T21:03:53","date_gmt":"2013-06-13T19:03:53","guid":{"rendered":"http:\/\/knieps.net\/?page_id=503"},"modified":"2013-06-23T22:01:27","modified_gmt":"2013-06-23T20:01:27","slug":"die-cd","status":"publish","type":"page","link":"https:\/\/knieps.net\/?page_id=503","title":{"rendered":"CD"},"content":{"rendered":"<p>Im Jahr 2012 haben das Duo <a title=\"Homepage von Tangoyim\" href=\"http:\/\/www.tangoyim.de\" target=\"_blank\">Tangoyim<\/a> (Violine und Akkordeon) und ich (Klavier) eine CD mit dem Titel Sommernachtstango ver\u00f6ffentlicht. Wir haben daf\u00fcr eine wunderbare und beim <a title=\"Homepage vom Sommermusikfest\" href=\"http:\/\/www.sommermusikfest.de\" target=\"_blank\">Sommermusikfest<\/a> seit jahren tanzerprobte Mischung von argentinischen und finnischen Tangos aufgenommen.<\/p>\n<p>Das Cover wurde von der K\u00fcnstlerin <a title=\"Animationsfilm von Frauke Striegnitz: Maria durch ein Dornwald ging\" href=\"https:\/\/www.youtube.com\/watch?v=4Nbmv5TL_2o\" target=\"_blank\">Frauke Striegnitz<\/a> gestaltet.<\/p>\n<p><a href=\"https:\/\/knieps.net\/wp-content\/uploads\/2013\/06\/Sommernachtstango-CD-Cover-Web-1000.png\"><img loading=\"lazy\" decoding=\"async\" class=\"alignnone size-medium wp-image-530\" alt=\"Sommernachtstango CD-Cover-Web-1000\" src=\"https:\/\/knieps.net\/wp-content\/uploads\/2013\/06\/Sommernachtstango-CD-Cover-Web-1000-300x300.png\" width=\"300\" height=\"300\" srcset=\"https:\/\/knieps.net\/wp-content\/uploads\/2013\/06\/Sommernachtstango-CD-Cover-Web-1000-300x300.png 300w, https:\/\/knieps.net\/wp-content\/uploads\/2013\/06\/Sommernachtstango-CD-Cover-Web-1000-150x150.png 150w, https:\/\/knieps.net\/wp-content\/uploads\/2013\/06\/Sommernachtstango-CD-Cover-Web-1000.png 1000w\" sizes=\"auto, (max-width: 300px) 100vw, 300px\" \/><\/a><\/p>\n<p>Diese f\u00fcnfzehn instrumentalen St\u00fccke haben wir aufgenommen: Satumaa, Aila, Poema, El choclo, Francia, Coraz\u00f3n de oro, Silueta porte\u00f1a, La pu\u00f1alada, It\u00e4maista rakkautta, Siks oon m\u00e4 suruinen, Malena, Nostalgias, L\u00e1grimas y sonrisas, Desde el alma, La cumparsita.<\/p>\n<p>Sie unterst\u00fctzen die Produktion einer weiteren CD, wenn Sie diese CD <a title=\"Sommernachtstango bei Amazon.de\" href=\"http:\/\/www.amazon.de\/s\/ref=nb_sb_noss?__mk_de_DE=%C3%85M%C3%85Z%C3%95%C3%91&amp;url=search-alias%3Daps&amp;field-keywords=Sommernachtstango\" target=\"_blank\">hier<\/a> erwerben w\u00fcrden. Sehr gerne k\u00f6nnen Sie mich auch direkt anschreiben.<\/p>\n","protected":false},"excerpt":{"rendered":"<p>Im Jahr 2012 haben das Duo Tangoyim (Violine und Akkordeon) und ich (Klavier) eine CD mit dem Titel Sommernachtstango ver\u00f6ffentlicht. Wir haben daf\u00fcr eine wunderbare und beim Sommermusikfest seit jahren tanzerprobte Mischung von argentinischen und finnischen Tangos aufgenommen. Das Cover &hellip; <a href=\"https:\/\/knieps.net\/?page_id=503\">Weiterlesen <span class=\"meta-nav\">&rarr;<\/span><\/a><\/p>\n","protected":false},"author":1,"featured_media":528,"parent":0,"menu_order":4,"comment_status":"closed","ping_status":"closed","template":"","meta":{"footnotes":""},"class_list":["post-503","page","type-page","status-publish","has-post-thumbnail","hentry"],"_links":{"self":[{"href":"https:\/\/knieps.net\/index.php?rest_route=\/wp\/v2\/pages\/503","targetHints":{"allow":["GET"]}}],"collection":[{"href":"https:\/\/knieps.net\/index.php?rest_route=\/wp\/v2\/pages"}],"about":[{"href":"https:\/\/knieps.net\/index.php?rest_route=\/wp\/v2\/types\/page"}],"author":[{"embeddable":true,"href":"https:\/\/knieps.net\/index.php?rest_route=\/wp\/v2\/users\/1"}],"replies":[{"embeddable":true,"href":"https:\/\/knieps.net\/index.php?rest_route=%2Fwp%2Fv2%2Fcomments&post=503"}],"version-history":[{"count":25,"href":"https:\/\/knieps.net\/index.php?rest_route=\/wp\/v2\/pages\/503\/revisions"}],"predecessor-version":[{"id":506,"href":"https:\/\/knieps.net\/index.php?rest_route=\/wp\/v2\/pages\/503\/revisions\/506"}],"wp:featuredmedia":[{"embeddable":true,"href":"https:\/\/knieps.net\/index.php?rest_route=\/wp\/v2\/media\/528"}],"wp:attachment":[{"href":"https:\/\/knieps.net\/index.php?rest_route=%2Fwp%2Fv2%2Fmedia&parent=503"}],"curies":[{"name":"wp","href":"https:\/\/api.w.org\/{rel}","templated":true}]}}