{"id":1682,"date":"2022-02-08T17:37:45","date_gmt":"2022-02-08T15:37:45","guid":{"rendered":"http:\/\/knieps.net\/?page_id=1682"},"modified":"2022-02-08T23:53:33","modified_gmt":"2022-02-08T21:53:33","slug":"sommermusikfest","status":"publish","type":"page","link":"https:\/\/knieps.net\/?page_id=1682","title":{"rendered":"Sommermusikfest"},"content":{"rendered":"\n<figure class=\"wp-block-gallery has-nested-images columns-default is-cropped wp-block-gallery-1 is-layout-flex wp-block-gallery-is-layout-flex\">\n<figure class=\"wp-block-image size-large\"><a href=\"https:\/\/knieps.net\/wp-content\/uploads\/2022\/02\/IMG_20210810_044009_852-scaled.jpg\"><img loading=\"lazy\" decoding=\"async\" width=\"1024\" height=\"683\" data-id=\"1689\" src=\"https:\/\/knieps.net\/wp-content\/uploads\/2022\/02\/IMG_20210810_044009_852-1024x683.jpg\" alt=\"\" class=\"wp-image-1689\" srcset=\"https:\/\/knieps.net\/wp-content\/uploads\/2022\/02\/IMG_20210810_044009_852-1024x683.jpg 1024w, https:\/\/knieps.net\/wp-content\/uploads\/2022\/02\/IMG_20210810_044009_852-300x200.jpg 300w, https:\/\/knieps.net\/wp-content\/uploads\/2022\/02\/IMG_20210810_044009_852-768x512.jpg 768w, https:\/\/knieps.net\/wp-content\/uploads\/2022\/02\/IMG_20210810_044009_852-1536x1024.jpg 1536w, https:\/\/knieps.net\/wp-content\/uploads\/2022\/02\/IMG_20210810_044009_852-2048x1365.jpg 2048w, https:\/\/knieps.net\/wp-content\/uploads\/2022\/02\/IMG_20210810_044009_852-450x300.jpg 450w\" sizes=\"auto, (max-width: 1024px) 100vw, 1024px\" \/><\/a><\/figure>\n\n\n\n<figure class=\"wp-block-image size-large\"><a href=\"https:\/\/knieps.net\/wp-content\/uploads\/2022\/02\/IMG_20210810_044012_834-scaled.jpg\"><img loading=\"lazy\" decoding=\"async\" width=\"1024\" height=\"683\" data-id=\"1688\" src=\"https:\/\/knieps.net\/wp-content\/uploads\/2022\/02\/IMG_20210810_044012_834-1024x683.jpg\" alt=\"\" class=\"wp-image-1688\" srcset=\"https:\/\/knieps.net\/wp-content\/uploads\/2022\/02\/IMG_20210810_044012_834-1024x683.jpg 1024w, https:\/\/knieps.net\/wp-content\/uploads\/2022\/02\/IMG_20210810_044012_834-300x200.jpg 300w, https:\/\/knieps.net\/wp-content\/uploads\/2022\/02\/IMG_20210810_044012_834-768x512.jpg 768w, https:\/\/knieps.net\/wp-content\/uploads\/2022\/02\/IMG_20210810_044012_834-1536x1024.jpg 1536w, https:\/\/knieps.net\/wp-content\/uploads\/2022\/02\/IMG_20210810_044012_834-2048x1365.jpg 2048w, https:\/\/knieps.net\/wp-content\/uploads\/2022\/02\/IMG_20210810_044012_834-450x300.jpg 450w\" sizes=\"auto, (max-width: 1024px) 100vw, 1024px\" \/><\/a><\/figure>\n<figcaption class=\"blocks-gallery-caption\">Vielen Dank f\u00fcr die sch\u00f6nen Bilder Bertram!<\/figcaption><\/figure>\n\n\n\n<p><\/p>\n\n\n\n<p><strong>Liebes Tangoorchester,<\/strong><\/p>\n\n\n\n<p>vielen Dank f\u00fcr die tolle Zeit auf dem <a href=\"http:\/\/www.sommermusikfest.de\/\">Sommermusikfest<\/a> mit Euch! <\/p>\n\n\n\n<p>Und hier kommen die Aufnahmen, die Mary freundlicherweise f\u00fcr uns gemacht und uns zur Verf\u00fcgung gestellt hat. Viel Freude dabei!<\/p>\n\n\n\n<figure class=\"wp-block-audio\"><audio controls src=\"https:\/\/knieps.net\/wp-content\/uploads\/2022\/02\/Androgyne-2021.mp3\"><\/audio><figcaption>Androgyne<\/figcaption><\/figure>\n\n\n\n<figure class=\"wp-block-audio\"><audio controls src=\"https:\/\/knieps.net\/wp-content\/uploads\/2022\/02\/Hommage-a-Ruediger-2021.mp3\"><\/audio><figcaption>Hommage \u00e1 R\u00fcdiger<\/figcaption><\/figure>\n\n\n\n<figure class=\"wp-block-audio\"><audio controls src=\"https:\/\/knieps.net\/wp-content\/uploads\/2022\/02\/A-la-Gran-Muneca-2021.mp3\"><\/audio><figcaption>A la Gran Mu\u00f1eca<\/figcaption><\/figure>\n","protected":false},"excerpt":{"rendered":"<p>Liebes Tangoorchester, vielen Dank f\u00fcr die tolle Zeit auf dem Sommermusikfest mit Euch! Und hier kommen die Aufnahmen, die Mary freundlicherweise f\u00fcr uns gemacht und uns zur Verf\u00fcgung gestellt hat. Viel Freude dabei!<\/p>\n","protected":false},"author":1,"featured_media":0,"parent":0,"menu_order":0,"comment_status":"closed","ping_status":"closed","template":"","meta":{"footnotes":""},"class_list":["post-1682","page","type-page","status-publish","hentry"],"_links":{"self":[{"href":"https:\/\/knieps.net\/index.php?rest_route=\/wp\/v2\/pages\/1682","targetHints":{"allow":["GET"]}}],"collection":[{"href":"https:\/\/knieps.net\/index.php?rest_route=\/wp\/v2\/pages"}],"about":[{"href":"https:\/\/knieps.net\/index.php?rest_route=\/wp\/v2\/types\/page"}],"author":[{"embeddable":true,"href":"https:\/\/knieps.net\/index.php?rest_route=\/wp\/v2\/users\/1"}],"replies":[{"embeddable":true,"href":"https:\/\/knieps.net\/index.php?rest_route=%2Fwp%2Fv2%2Fcomments&post=1682"}],"version-history":[{"count":5,"href":"https:\/\/knieps.net\/index.php?rest_route=\/wp\/v2\/pages\/1682\/revisions"}],"predecessor-version":[{"id":1708,"href":"https:\/\/knieps.net\/index.php?rest_route=\/wp\/v2\/pages\/1682\/revisions\/1708"}],"wp:attachment":[{"href":"https:\/\/knieps.net\/index.php?rest_route=%2Fwp%2Fv2%2Fmedia&parent=1682"}],"curies":[{"name":"wp","href":"https:\/\/api.w.org\/{rel}","templated":true}]}}