{"id":10,"date":"2012-11-18T12:36:24","date_gmt":"2012-11-18T10:36:24","guid":{"rendered":"http:\/\/knieps.net\/?page_id=10"},"modified":"2022-02-08T23:48:35","modified_gmt":"2022-02-08T21:48:35","slug":"musiker","status":"publish","type":"page","link":"https:\/\/knieps.net\/?page_id=10","title":{"rendered":"Musiker"},"content":{"rendered":"<p align=\"left\">Die Musik hat mich mein Leben lang begleitet. Seit meinem 9. Lebensjahr an spiele ich Klavier. Mit 18 Jahren hat mir eine Freundin die Grundlagen des Gitarrenspiels beigebracht. Zwei Jahre sp\u00e4ter gr\u00fcndete ich mit meinem Freund Gregor Widuch die Progressivrockband <a href=\"http:\/\/eskiniwach.kesselschmied.de\/eskibio.htm\" target=\"_blank\" rel=\"noopener noreferrer\">Eskiniwach<\/a>. Mit 25 Jahren produzierte ich mit meinem Freund Siamak sehr intensiv Techno-Musik. Im neuen Jahrtausend gr\u00fcndete ich mit meinem Freund Harro Kobzik f\u00fcr einige Zeit eine Firma f\u00fcr akustische Gestaltung namens |:punktklang:|.<br \/>\nIn den letzten Jahren haben sich bei mir folgende Schwerpunkte herausgebildet:<\/p>\n<ul>\n<li style=\"list-style-type: none;\">\n<ul>\n<li style=\"list-style-type: none;\">\n<ul>\n<li>Tangomusik<strong>:<\/strong> Seit einigen Jahren tanze ich gelegentlich zur argentinischen Tangomusik bei Christine und Volker im <a href=\"http:\/\/www.tangozero.de\/\" target=\"_blank\" rel=\"noopener noreferrer\">Tango Zero<\/a>.<br \/>\nDadurch bin ich auch zum Tangomusizieren gekommen und habe einige Jahre als Pianist eines kleinen Tangoorchesters namens Compaz mitgewirkt. Durch diese musikalischen Erfahrungen inspiriert kam es dazu, dass ich auf dem <a href=\"http:\/\/www.sommermusikfest.de\/\">Sommermusikfest<\/a> das Tangoorchester zu leiten begann. Dort spiele ich nun seit einigen Jahren mit\u00a0 dem Duo <a title=\"Tangoyim\" href=\"http:\/\/www.tangoyim.de\/\" target=\"_blank\" rel=\"noopener noreferrer\">Tangoyim<\/a>, namentlich Steffi (Violine) und Daniel (Akkordon), als Trio zum Argentinischen Tango-Tanz auf. Aus dieser Zusammenarbeit ist die wundersch\u00f6ne CD &#8222;<a title=\"Sommernachtstango auch zum Reinh\u00f6ren\" href=\"http:\/\/www.tangoyim.de\/musik.php\" target=\"_blank\" rel=\"noopener noreferrer\">Sommernachtstango<\/a>&#8220; entstanden, die auch bei <a title=\"Sommernachtstango bei Amazon\" href=\"http:\/\/www.amazon.de\/Sommernachtstango-Tangoyim-Oliver-Knieps\/dp\/B00A74JYGA\/ref=sr_1_5?ie=UTF8&amp;qid=1355154603&amp;sr=8-5\" target=\"_blank\" rel=\"noopener noreferrer\">Amazon<\/a> erh\u00e4ltlich ist. Durch einen Kauf w\u00fcrde unsere Arbeit (an einem m\u00f6glichen Nachfolger) sehr unterst\u00fctzt werden. \ud83d\ude42<br \/>\nLeider hat sich das Tango Quartett <a href=\"http:\/\/www.venbaila.de\">Ven Baila<\/a> im Corona-Jahr 2021 aufgel\u00f6st.<\/li>\n<\/ul>\n<\/li>\n<\/ul>\n<\/li>\n<\/ul>\n<ul>\n<li style=\"list-style-type: none;\">\n<ul>\n<li><strong>Filmmusik und eigene Kompositionen:<\/strong> Seit einigen Jahren schreibe ich \u00fcber pers\u00f6nliche Gedanken, Ideen und Erfahrungen eigene Texte\u00a0 und komponiere Musik dazu. Eine Auswahl der Aufnahmen k\u00f6nnen Sie hier h\u00f6ren: [soundcloud url=&#8220;https:\/\/api.soundcloud.com\/playlists\/31567656&#8243; params=&#8220;auto_play=false&amp;hide_related=false&amp;visual=true&#8220; width=&#8220;100%&#8220; height=&#8220;250&#8243; iframe=&#8220;true&#8220; \/]<br \/>\nSehr gerne komponiere ich auch Musik zu Filmen. Unter anderem zu Christoph Steinaus Film <a href=\"http:\/\/1000tage.com\/\">1000 Tage <\/a>und zu Olaf Saumers Film <a href=\"http:\/\/www.suicide-club.de\/\" target=\"_blank\" rel=\"noopener noreferrer\">Suicide Club<\/a>. Hier eine kleine Auswahl: [soundcloud url=&#8220;https:\/\/api.soundcloud.com\/playlists\/31567515&#8243; params=&#8220;auto_play=false&amp;hide_related=false&amp;visual=true&#8220; width=&#8220;100%&#8220; height=&#8220;250&#8243; iframe=&#8220;true&#8220;\/]<\/li>\n<li><strong>Klassische Musik:<\/strong> Seit ich an der Universit\u00e4t Kassel studiert habe, bin ich auch wieder in die Klassik eingetaucht. In den letzten Jahren habe ich vor allem die Klaviermusik von Chopin, Beethoven und Bach f\u00fcr mich wiederentdeckt.<\/li>\n<li><strong>Chormusik:<\/strong> Im Moment bin ich zeitlich leider so eingebunden, dass ich das aktive Mitsingen in der <a href=\"http:\/\/www.compagnia-vocale-kassel.de\/\">Compagnia Vokale Kassel<\/a> beenden musste.<\/li>\n<\/ul>\n<\/li>\n<\/ul>\n","protected":false},"excerpt":{"rendered":"<p>Die Musik hat mich mein Leben lang begleitet. Seit meinem 9. Lebensjahr an spiele ich Klavier. Mit 18 Jahren hat mir eine Freundin die Grundlagen des Gitarrenspiels beigebracht. Zwei Jahre sp\u00e4ter gr\u00fcndete ich mit meinem Freund Gregor Widuch die Progressivrockband &hellip; <a href=\"https:\/\/knieps.net\/?page_id=10\">Weiterlesen <span class=\"meta-nav\">&rarr;<\/span><\/a><\/p>\n","protected":false},"author":1,"featured_media":0,"parent":0,"menu_order":3,"comment_status":"closed","ping_status":"closed","template":"","meta":{"footnotes":""},"class_list":["post-10","page","type-page","status-publish","hentry"],"_links":{"self":[{"href":"https:\/\/knieps.net\/index.php?rest_route=\/wp\/v2\/pages\/10","targetHints":{"allow":["GET"]}}],"collection":[{"href":"https:\/\/knieps.net\/index.php?rest_route=\/wp\/v2\/pages"}],"about":[{"href":"https:\/\/knieps.net\/index.php?rest_route=\/wp\/v2\/types\/page"}],"author":[{"embeddable":true,"href":"https:\/\/knieps.net\/index.php?rest_route=\/wp\/v2\/users\/1"}],"replies":[{"embeddable":true,"href":"https:\/\/knieps.net\/index.php?rest_route=%2Fwp%2Fv2%2Fcomments&post=10"}],"version-history":[{"count":56,"href":"https:\/\/knieps.net\/index.php?rest_route=\/wp\/v2\/pages\/10\/revisions"}],"predecessor-version":[{"id":1706,"href":"https:\/\/knieps.net\/index.php?rest_route=\/wp\/v2\/pages\/10\/revisions\/1706"}],"wp:attachment":[{"href":"https:\/\/knieps.net\/index.php?rest_route=%2Fwp%2Fv2%2Fmedia&parent=10"}],"curies":[{"name":"wp","href":"https:\/\/api.w.org\/{rel}","templated":true}]}}